{"id":1229,"date":"2019-06-04T15:43:21","date_gmt":"2019-06-04T14:43:21","guid":{"rendered":"http:\/\/www.transports-mettelle.fr\/transports-logistique\/?page_id=1229"},"modified":"2019-06-18T14:53:50","modified_gmt":"2019-06-18T13:53:50","slug":"localisation-du-stockage","status":"publish","type":"page","link":"https:\/\/www.transports-mettelle.fr\/transports-logistique\/localisation-du-stockage\/","title":{"rendered":"Localisation du stockage et du transport"},"content":{"rendered":"\t\t<div data-elementor-type=\"wp-post\" data-elementor-id=\"1229\" class=\"elementor elementor-1229\" data-elementor-settings=\"[]\">\n\t\t\t\t\t\t<div class=\"elementor-inner\">\n\t\t\t\t\t\t\t<div class=\"elementor-section-wrap\">\n\t\t\t\t\t\t\t<section class=\"elementor-section elementor-top-section elementor-element elementor-element-cda5eea elementor-section-stretched elementor-section-boxed elementor-section-height-default elementor-section-height-default\" data-id=\"cda5eea\" data-element_type=\"section\" data-settings=\"{&quot;stretch_section&quot;:&quot;section-stretched&quot;}\">\n\t\t\t\t\t\t<div class=\"elementor-container elementor-column-gap-default\">\n\t\t\t\t\t\t\t<div class=\"elementor-row\">\n\t\t\t\t\t<div class=\"elementor-column elementor-col-50 elementor-top-column elementor-element elementor-element-5554d043\" data-id=\"5554d043\" data-element_type=\"column\" data-settings=\"{&quot;background_background&quot;:&quot;classic&quot;}\">\n\t\t\t<div class=\"elementor-column-wrap elementor-element-populated\">\n\t\t\t\t\t\t\t<div class=\"elementor-widget-wrap\">\n\t\t\t\t\t\t<div class=\"elementor-element elementor-element-799e3206 elementor-widget elementor-widget-heading\" data-id=\"799e3206\" data-element_type=\"widget\" data-widget_type=\"heading.default\">\n\t\t\t\t<div class=\"elementor-widget-container\">\n\t\t\t<h2 class=\"elementor-heading-title elementor-size-default\">Localisation du stockage et du transport<\/h2>\t\t<\/div>\n\t\t\t\t<\/div>\n\t\t\t\t<div class=\"elementor-element elementor-element-197829b6 elementor-widget-divider--view-line elementor-widget elementor-widget-divider\" data-id=\"197829b6\" data-element_type=\"widget\" data-widget_type=\"divider.default\">\n\t\t\t\t<div class=\"elementor-widget-container\">\n\t\t\t\t\t<div class=\"elementor-divider\">\n\t\t\t<span class=\"elementor-divider-separator\">\n\t\t\t\t\t\t<\/span>\n\t\t<\/div>\n\t\t\t\t<\/div>\n\t\t\t\t<\/div>\n\t\t\t\t\t\t<\/div>\n\t\t\t\t\t<\/div>\n\t\t<\/div>\n\t\t\t\t<div class=\"elementor-column elementor-col-50 elementor-top-column elementor-element elementor-element-b825d55\" data-id=\"b825d55\" data-element_type=\"column\" data-settings=\"{&quot;background_background&quot;:&quot;classic&quot;}\">\n\t\t\t<div class=\"elementor-column-wrap elementor-element-populated\">\n\t\t\t\t\t\t\t<div class=\"elementor-widget-wrap\">\n\t\t\t\t\t\t<div class=\"elementor-element elementor-element-23c1b782 elementor-widget elementor-widget-text-editor\" data-id=\"23c1b782\" data-element_type=\"widget\" data-widget_type=\"text-editor.default\">\n\t\t\t\t<div class=\"elementor-widget-container\">\n\t\t\t\t\t\t\t\t<div class=\"elementor-text-editor elementor-clearfix\">\n\t\t\t\t\t<p><strong>METTELLE<\/strong> c&rsquo;est 3 adresses !<\/p><p>Transports &#8211; logistique et stockage<\/p>\t\t\t\t\t<\/div>\n\t\t\t\t\t\t<\/div>\n\t\t\t\t<\/div>\n\t\t\t\t\t\t<\/div>\n\t\t\t\t\t<\/div>\n\t\t<\/div>\n\t\t\t\t\t\t\t\t<\/div>\n\t\t\t\t\t<\/div>\n\t\t<\/section>\n\t\t\t\t<section class=\"elementor-section elementor-top-section elementor-element elementor-element-07013cd elementor-section-stretched elementor-section-boxed elementor-section-height-default elementor-section-height-default\" data-id=\"07013cd\" data-element_type=\"section\" data-settings=\"{&quot;stretch_section&quot;:&quot;section-stretched&quot;}\">\n\t\t\t\t\t\t<div class=\"elementor-container elementor-column-gap-default\">\n\t\t\t\t\t\t\t<div class=\"elementor-row\">\n\t\t\t\t\t<div class=\"elementor-column elementor-col-33 elementor-top-column elementor-element elementor-element-5df0ada\" data-id=\"5df0ada\" data-element_type=\"column\">\n\t\t\t<div class=\"elementor-column-wrap elementor-element-populated\">\n\t\t\t\t\t\t\t<div class=\"elementor-widget-wrap\">\n\t\t\t\t\t\t<div class=\"elementor-element elementor-element-34fdcf6 elementor-widget elementor-widget-image\" data-id=\"34fdcf6\" data-element_type=\"widget\" data-widget_type=\"image.default\">\n\t\t\t\t<div class=\"elementor-widget-container\">\n\t\t\t\t\t\t\t\t<div class=\"elementor-image\">\n\t\t\t\t\t\t\t\t\t\t\t\t<img width=\"1024\" height=\"576\" src=\"https:\/\/www.transports-mettelle.fr\/transports-logistique\/wp-content\/uploads\/2019\/06\/20180824_141416-1024x576.jpg\" class=\"attachment-large size-large\" alt=\"\" loading=\"lazy\" srcset=\"https:\/\/www.transports-mettelle.fr\/transports-logistique\/wp-content\/uploads\/2019\/06\/20180824_141416-1024x576.jpg 1024w, https:\/\/www.transports-mettelle.fr\/transports-logistique\/wp-content\/uploads\/2019\/06\/20180824_141416-300x169.jpg 300w, https:\/\/www.transports-mettelle.fr\/transports-logistique\/wp-content\/uploads\/2019\/06\/20180824_141416-768x432.jpg 768w, https:\/\/www.transports-mettelle.fr\/transports-logistique\/wp-content\/uploads\/2019\/06\/20180824_141416-150x85.jpg 150w, https:\/\/www.transports-mettelle.fr\/transports-logistique\/wp-content\/uploads\/2019\/06\/20180824_141416-1920x1080.jpg 1920w, https:\/\/www.transports-mettelle.fr\/transports-logistique\/wp-content\/uploads\/2019\/06\/20180824_141416-600x338.jpg 600w, https:\/\/www.transports-mettelle.fr\/transports-logistique\/wp-content\/uploads\/2019\/06\/20180824_141416.jpg 2048w\" sizes=\"(max-width: 1024px) 100vw, 1024px\" \/>\t\t\t\t\t\t\t\t\t\t\t\t\t\t<\/div>\n\t\t\t\t\t\t<\/div>\n\t\t\t\t<\/div>\n\t\t\t\t<div class=\"elementor-element elementor-element-bdca4e3 elementor-widget elementor-widget-image\" data-id=\"bdca4e3\" data-element_type=\"widget\" data-widget_type=\"image.default\">\n\t\t\t\t<div class=\"elementor-widget-container\">\n\t\t\t\t\t\t\t\t<div class=\"elementor-image\">\n\t\t\t\t\t\t\t\t\t\t\t\t<img width=\"260\" height=\"139\" src=\"https:\/\/www.transports-mettelle.fr\/transports-logistique\/wp-content\/uploads\/2019\/06\/stockagr-1.png\" class=\"attachment-large size-large\" alt=\"\" loading=\"lazy\" \/>\t\t\t\t\t\t\t\t\t\t\t\t\t\t<\/div>\n\t\t\t\t\t\t<\/div>\n\t\t\t\t<\/div>\n\t\t\t\t<div class=\"elementor-element elementor-element-41e0576 elementor-widget elementor-widget-text-editor\" data-id=\"41e0576\" data-element_type=\"widget\" data-widget_type=\"text-editor.default\">\n\t\t\t\t<div class=\"elementor-widget-container\">\n\t\t\t\t\t\t\t\t<div class=\"elementor-text-editor elementor-clearfix\">\n\t\t\t\t\t<p><strong>112 grande rue &#8211; 80770 BEAUCHAMPS<\/strong><br \/><em><strong>T\u00e9l<\/strong> <\/em>: 06.71.19.87.61<br \/><em><strong>Fax<\/strong> <\/em>: 03.22.61.38.02<br \/><em><strong>mail<\/strong> <\/em>: beauchamps@<a href=\"mailto:stockagedelabresle@orange.fr\">stockagedelabresle.fr<\/a><\/p>\t\t\t\t\t<\/div>\n\t\t\t\t\t\t<\/div>\n\t\t\t\t<\/div>\n\t\t\t\t<div class=\"elementor-element elementor-element-ee1adde elementor-widget elementor-widget-google_maps\" data-id=\"ee1adde\" data-element_type=\"widget\" data-widget_type=\"google_maps.default\">\n\t\t\t\t<div class=\"elementor-widget-container\">\n\t\t\t\t\t<div class=\"elementor-custom-embed\">\n\t\t\t<iframe frameborder=\"0\" scrolling=\"no\" marginheight=\"0\" marginwidth=\"0\" src=\"https:\/\/maps.google.com\/maps?q=stockage%20de%20la%20bresle%20114%20grande%20rue%20-%2080770%20Beauchamps&amp;t=m&amp;z=10&amp;output=embed&amp;iwloc=near\" title=\"%3$s\" aria-label=\"%3$s\"><\/iframe>\n\t\t<\/div>\n\t\t\t\t<\/div>\n\t\t\t\t<\/div>\n\t\t\t\t\t\t<\/div>\n\t\t\t\t\t<\/div>\n\t\t<\/div>\n\t\t\t\t<div class=\"elementor-column elementor-col-33 elementor-top-column elementor-element elementor-element-6fed438\" data-id=\"6fed438\" data-element_type=\"column\">\n\t\t\t<div class=\"elementor-column-wrap elementor-element-populated\">\n\t\t\t\t\t\t\t<div class=\"elementor-widget-wrap\">\n\t\t\t\t\t\t<div class=\"elementor-element elementor-element-a00a5f2 elementor-widget elementor-widget-image\" data-id=\"a00a5f2\" data-element_type=\"widget\" data-widget_type=\"image.default\">\n\t\t\t\t<div class=\"elementor-widget-container\">\n\t\t\t\t\t\t\t\t<div class=\"elementor-image\">\n\t\t\t\t\t\t\t\t\t\t\t\t<img width=\"1024\" height=\"576\" src=\"https:\/\/www.transports-mettelle.fr\/transports-logistique\/wp-content\/uploads\/2019\/06\/20180222_150151-1024x576.jpg\" class=\"attachment-large size-large\" alt=\"\" loading=\"lazy\" srcset=\"https:\/\/www.transports-mettelle.fr\/transports-logistique\/wp-content\/uploads\/2019\/06\/20180222_150151-1024x576.jpg 1024w, https:\/\/www.transports-mettelle.fr\/transports-logistique\/wp-content\/uploads\/2019\/06\/20180222_150151-300x169.jpg 300w, https:\/\/www.transports-mettelle.fr\/transports-logistique\/wp-content\/uploads\/2019\/06\/20180222_150151-768x432.jpg 768w, https:\/\/www.transports-mettelle.fr\/transports-logistique\/wp-content\/uploads\/2019\/06\/20180222_150151-150x85.jpg 150w, https:\/\/www.transports-mettelle.fr\/transports-logistique\/wp-content\/uploads\/2019\/06\/20180222_150151-1920x1080.jpg 1920w, https:\/\/www.transports-mettelle.fr\/transports-logistique\/wp-content\/uploads\/2019\/06\/20180222_150151-600x338.jpg 600w, https:\/\/www.transports-mettelle.fr\/transports-logistique\/wp-content\/uploads\/2019\/06\/20180222_150151.jpg 2048w\" sizes=\"(max-width: 1024px) 100vw, 1024px\" \/>\t\t\t\t\t\t\t\t\t\t\t\t\t\t<\/div>\n\t\t\t\t\t\t<\/div>\n\t\t\t\t<\/div>\n\t\t\t\t<div class=\"elementor-element elementor-element-e7c4ae0 elementor-widget elementor-widget-image\" data-id=\"e7c4ae0\" data-element_type=\"widget\" data-widget_type=\"image.default\">\n\t\t\t\t<div class=\"elementor-widget-container\">\n\t\t\t\t\t\t\t\t<div class=\"elementor-image\">\n\t\t\t\t\t\t\t\t\t\t\t\t<img width=\"260\" height=\"135\" src=\"https:\/\/www.transports-mettelle.fr\/transports-logistique\/wp-content\/uploads\/2019\/06\/mettelle.jpg\" class=\"attachment-large size-large\" alt=\"\" loading=\"lazy\" \/>\t\t\t\t\t\t\t\t\t\t\t\t\t\t<\/div>\n\t\t\t\t\t\t<\/div>\n\t\t\t\t<\/div>\n\t\t\t\t<div class=\"elementor-element elementor-element-31bf4ca elementor-widget elementor-widget-text-editor\" data-id=\"31bf4ca\" data-element_type=\"widget\" data-widget_type=\"text-editor.default\">\n\t\t\t\t<div class=\"elementor-widget-container\">\n\t\t\t\t\t\t\t\t<div class=\"elementor-text-editor elementor-clearfix\">\n\t\t\t\t\t<p><strong>5 rue du stade &#8211; 76340 FOUCARMONT<\/strong><br \/><em><strong>T\u00e9l<\/strong> <\/em>: 02.35.93.73.13<br \/><em><strong>Fax<\/strong> <\/em>: 02.35.93.61.96<br \/><em><strong>mail<\/strong> <\/em>: <a href=\"mailto:contact@transports-mettelle.fr\">contact@transports-mettelle.fr<\/a><\/p>\t\t\t\t\t<\/div>\n\t\t\t\t\t\t<\/div>\n\t\t\t\t<\/div>\n\t\t\t\t<div class=\"elementor-element elementor-element-efb9b9f elementor-widget elementor-widget-google_maps\" data-id=\"efb9b9f\" data-element_type=\"widget\" data-widget_type=\"google_maps.default\">\n\t\t\t\t<div class=\"elementor-widget-container\">\n\t\t\t\t\t<div class=\"elementor-custom-embed\">\n\t\t\t<iframe frameborder=\"0\" scrolling=\"no\" marginheight=\"0\" marginwidth=\"0\" src=\"https:\/\/maps.google.com\/maps?q=transports%20mettelle%205%20rue%20du%20stade%20-%2076340%20Foucarmont&amp;t=m&amp;z=10&amp;output=embed&amp;iwloc=near\" title=\"%3$s\" aria-label=\"%3$s\"><\/iframe>\n\t\t<\/div>\n\t\t\t\t<\/div>\n\t\t\t\t<\/div>\n\t\t\t\t\t\t<\/div>\n\t\t\t\t\t<\/div>\n\t\t<\/div>\n\t\t\t\t<div class=\"elementor-column elementor-col-33 elementor-top-column elementor-element elementor-element-028a866\" data-id=\"028a866\" data-element_type=\"column\">\n\t\t\t<div class=\"elementor-column-wrap elementor-element-populated\">\n\t\t\t\t\t\t\t<div class=\"elementor-widget-wrap\">\n\t\t\t\t\t\t<div class=\"elementor-element elementor-element-91634dc elementor-widget elementor-widget-image\" data-id=\"91634dc\" data-element_type=\"widget\" data-widget_type=\"image.default\">\n\t\t\t\t<div class=\"elementor-widget-container\">\n\t\t\t\t\t\t\t\t<div class=\"elementor-image\">\n\t\t\t\t\t\t\t\t\t\t\t\t<img width=\"1024\" height=\"576\" src=\"https:\/\/www.transports-mettelle.fr\/transports-logistique\/wp-content\/uploads\/2019\/06\/20170321_130954-1024x576.jpg\" class=\"attachment-large size-large\" alt=\"\" loading=\"lazy\" srcset=\"https:\/\/www.transports-mettelle.fr\/transports-logistique\/wp-content\/uploads\/2019\/06\/20170321_130954-1024x576.jpg 1024w, https:\/\/www.transports-mettelle.fr\/transports-logistique\/wp-content\/uploads\/2019\/06\/20170321_130954-300x169.jpg 300w, https:\/\/www.transports-mettelle.fr\/transports-logistique\/wp-content\/uploads\/2019\/06\/20170321_130954-768x432.jpg 768w, https:\/\/www.transports-mettelle.fr\/transports-logistique\/wp-content\/uploads\/2019\/06\/20170321_130954-150x85.jpg 150w, https:\/\/www.transports-mettelle.fr\/transports-logistique\/wp-content\/uploads\/2019\/06\/20170321_130954-1920x1080.jpg 1920w, https:\/\/www.transports-mettelle.fr\/transports-logistique\/wp-content\/uploads\/2019\/06\/20170321_130954-600x338.jpg 600w, https:\/\/www.transports-mettelle.fr\/transports-logistique\/wp-content\/uploads\/2019\/06\/20170321_130954.jpg 2048w\" sizes=\"(max-width: 1024px) 100vw, 1024px\" \/>\t\t\t\t\t\t\t\t\t\t\t\t\t\t<\/div>\n\t\t\t\t\t\t<\/div>\n\t\t\t\t<\/div>\n\t\t\t\t<div class=\"elementor-element elementor-element-0d7a76f elementor-widget elementor-widget-image\" data-id=\"0d7a76f\" data-element_type=\"widget\" data-widget_type=\"image.default\">\n\t\t\t\t<div class=\"elementor-widget-container\">\n\t\t\t\t\t\t\t\t<div class=\"elementor-image\">\n\t\t\t\t\t\t\t\t\t\t\t\t<img width=\"260\" height=\"139\" src=\"https:\/\/www.transports-mettelle.fr\/transports-logistique\/wp-content\/uploads\/2019\/06\/stockagr-1.png\" class=\"attachment-large size-large\" alt=\"\" loading=\"lazy\" \/>\t\t\t\t\t\t\t\t\t\t\t\t\t\t<\/div>\n\t\t\t\t\t\t<\/div>\n\t\t\t\t<\/div>\n\t\t\t\t<div class=\"elementor-element elementor-element-6c1c881 elementor-widget elementor-widget-text-editor\" data-id=\"6c1c881\" data-element_type=\"widget\" data-widget_type=\"text-editor.default\">\n\t\t\t\t<div class=\"elementor-widget-container\">\n\t\t\t\t\t\t\t\t<div class=\"elementor-text-editor elementor-clearfix\">\n\t\t\t\t\t<p><strong>9 route de Gamaches &#8211; 76260 LONGROY<\/strong><br \/><em><strong>T\u00e9l<\/strong> <\/em>: 03.22.61.00.05<br \/><em><strong>Mobile<\/strong> <\/em>: 06.811.38.131<br \/><em><strong>mail<\/strong> <\/em>: longroy@stockagedelabresle.fr<\/p>\t\t\t\t\t<\/div>\n\t\t\t\t\t\t<\/div>\n\t\t\t\t<\/div>\n\t\t\t\t<div class=\"elementor-element elementor-element-e45d43a elementor-widget elementor-widget-google_maps\" data-id=\"e45d43a\" data-element_type=\"widget\" data-widget_type=\"google_maps.default\">\n\t\t\t\t<div class=\"elementor-widget-container\">\n\t\t\t\t\t<div class=\"elementor-custom-embed\">\n\t\t\t<iframe frameborder=\"0\" scrolling=\"no\" marginheight=\"0\" marginwidth=\"0\" src=\"https:\/\/maps.google.com\/maps?q=%209%20route%20de%20Gamaches%20-%2076260%20Longroy&amp;t=m&amp;z=10&amp;output=embed&amp;iwloc=near\" title=\"%3$s\" aria-label=\"%3$s\"><\/iframe>\n\t\t<\/div>\n\t\t\t\t<\/div>\n\t\t\t\t<\/div>\n\t\t\t\t\t\t<\/div>\n\t\t\t\t\t<\/div>\n\t\t<\/div>\n\t\t\t\t\t\t\t\t<\/div>\n\t\t\t\t\t<\/div>\n\t\t<\/section>\n\t\t\t\t\t\t<\/div>\n\t\t\t\t\t\t<\/div>\n\t\t\t\t\t<\/div>\n\t\t","protected":false},"excerpt":{"rendered":"<p>Localisation du stockage et du transport METTELLE c&rsquo;est 3 adresses ! Transports &#8211; logistique et stockage 112 grande rue &#8211; 80770 BEAUCHAMPST\u00e9l : 06.71.19.87.61Fax : 03.22.61.38.02mail : beauchamps@stockagedelabresle.fr 5 rue du stade &#8211; 76340 FOUCARMONTT\u00e9l : 02.35.93.73.13Fax : 02.35.93.61.96mail : contact@transports-mettelle.fr 9 route de Gamaches &#8211; 76260 LONGROYT\u00e9l : 03.22.61.00.05Mobile : 06.811.38.131mail : longroy@stockagedelabresle.fr<\/p>\n","protected":false},"author":1,"featured_media":0,"parent":0,"menu_order":0,"comment_status":"closed","ping_status":"closed","template":"page-templates\/fullwidth-content.php","meta":[],"_links":{"self":[{"href":"https:\/\/www.transports-mettelle.fr\/transports-logistique\/wp-json\/wp\/v2\/pages\/1229"}],"collection":[{"href":"https:\/\/www.transports-mettelle.fr\/transports-logistique\/wp-json\/wp\/v2\/pages"}],"about":[{"href":"https:\/\/www.transports-mettelle.fr\/transports-logistique\/wp-json\/wp\/v2\/types\/page"}],"author":[{"embeddable":true,"href":"https:\/\/www.transports-mettelle.fr\/transports-logistique\/wp-json\/wp\/v2\/users\/1"}],"replies":[{"embeddable":true,"href":"https:\/\/www.transports-mettelle.fr\/transports-logistique\/wp-json\/wp\/v2\/comments?post=1229"}],"version-history":[{"count":6,"href":"https:\/\/www.transports-mettelle.fr\/transports-logistique\/wp-json\/wp\/v2\/pages\/1229\/revisions"}],"predecessor-version":[{"id":1295,"href":"https:\/\/www.transports-mettelle.fr\/transports-logistique\/wp-json\/wp\/v2\/pages\/1229\/revisions\/1295"}],"wp:attachment":[{"href":"https:\/\/www.transports-mettelle.fr\/transports-logistique\/wp-json\/wp\/v2\/media?parent=1229"}],"curies":[{"name":"wp","href":"https:\/\/api.w.org\/{rel}","templated":true}]}}