{"id":1221,"date":"2019-06-04T15:31:49","date_gmt":"2019-06-04T14:31:49","guid":{"rendered":"http:\/\/www.transports-mettelle.fr\/transports-logistique\/?page_id=1221"},"modified":"2019-06-04T15:42:54","modified_gmt":"2019-06-04T14:42:54","slug":"transports","status":"publish","type":"page","link":"https:\/\/www.transports-mettelle.fr\/transports-logistique\/transports\/","title":{"rendered":"Transports"},"content":{"rendered":"\t\t<div data-elementor-type=\"wp-post\" data-elementor-id=\"1221\" class=\"elementor elementor-1221\" data-elementor-settings=\"[]\">\n\t\t\t\t\t\t<div class=\"elementor-inner\">\n\t\t\t\t\t\t\t<div class=\"elementor-section-wrap\">\n\t\t\t\t\t\t\t<section class=\"elementor-section elementor-top-section elementor-element elementor-element-cda5eea elementor-section-stretched elementor-section-boxed elementor-section-height-default elementor-section-height-default\" data-id=\"cda5eea\" data-element_type=\"section\" data-settings=\"{&quot;stretch_section&quot;:&quot;section-stretched&quot;}\">\n\t\t\t\t\t\t<div class=\"elementor-container elementor-column-gap-default\">\n\t\t\t\t\t\t\t<div class=\"elementor-row\">\n\t\t\t\t\t<div class=\"elementor-column elementor-col-50 elementor-top-column elementor-element elementor-element-5554d043\" data-id=\"5554d043\" data-element_type=\"column\" data-settings=\"{&quot;background_background&quot;:&quot;classic&quot;}\">\n\t\t\t<div class=\"elementor-column-wrap elementor-element-populated\">\n\t\t\t\t\t\t\t<div class=\"elementor-widget-wrap\">\n\t\t\t\t\t\t<div class=\"elementor-element elementor-element-799e3206 elementor-widget elementor-widget-heading\" data-id=\"799e3206\" data-element_type=\"widget\" data-widget_type=\"heading.default\">\n\t\t\t\t<div class=\"elementor-widget-container\">\n\t\t\t<h2 class=\"elementor-heading-title elementor-size-default\">Transport<\/h2>\t\t<\/div>\n\t\t\t\t<\/div>\n\t\t\t\t<div class=\"elementor-element elementor-element-197829b6 elementor-widget-divider--view-line elementor-widget elementor-widget-divider\" data-id=\"197829b6\" data-element_type=\"widget\" data-widget_type=\"divider.default\">\n\t\t\t\t<div class=\"elementor-widget-container\">\n\t\t\t\t\t<div class=\"elementor-divider\">\n\t\t\t<span class=\"elementor-divider-separator\">\n\t\t\t\t\t\t<\/span>\n\t\t<\/div>\n\t\t\t\t<\/div>\n\t\t\t\t<\/div>\n\t\t\t\t\t\t<\/div>\n\t\t\t\t\t<\/div>\n\t\t<\/div>\n\t\t\t\t<div class=\"elementor-column elementor-col-50 elementor-top-column elementor-element elementor-element-b825d55\" data-id=\"b825d55\" data-element_type=\"column\" data-settings=\"{&quot;background_background&quot;:&quot;classic&quot;}\">\n\t\t\t<div class=\"elementor-column-wrap elementor-element-populated\">\n\t\t\t\t\t\t\t<div class=\"elementor-widget-wrap\">\n\t\t\t\t\t\t<div class=\"elementor-element elementor-element-23c1b782 elementor-widget elementor-widget-text-editor\" data-id=\"23c1b782\" data-element_type=\"widget\" data-widget_type=\"text-editor.default\">\n\t\t\t\t<div class=\"elementor-widget-container\">\n\t\t\t\t\t\t\t\t<div class=\"elementor-text-editor elementor-clearfix\">\n\t\t\t\t\t<p>A la limite des r\u00e9gions <strong>Normandie<\/strong> et <strong>Picardie<\/strong>, terre d\u2019industrie et berceau de 80% de la <strong>verrerie mondiale<\/strong> pour la parfumerie de luxe (<strong>La GLASS VALLEE<\/strong>), 25 ensembles routiers 44 T desservent r\u00e9guli\u00e8rement toute une grande zone autour de <em><strong>Paris<\/strong><\/em>, de <em><strong>Lille<\/strong> <\/em>\u00e0 <em><strong>Orl\u00e9ans<\/strong><\/em>, de <em><strong>Rennes<\/strong> <\/em>\u00e0 <em><strong>Strasbourg<\/strong><\/em>, et plus ponctuellement toute la <strong>France<\/strong> selon les besoins de nos clients<\/p>\t\t\t\t\t<\/div>\n\t\t\t\t\t\t<\/div>\n\t\t\t\t<\/div>\n\t\t\t\t\t\t<\/div>\n\t\t\t\t\t<\/div>\n\t\t<\/div>\n\t\t\t\t\t\t\t\t<\/div>\n\t\t\t\t\t<\/div>\n\t\t<\/section>\n\t\t\t\t<section class=\"elementor-section elementor-top-section elementor-element elementor-element-8e1fc5d elementor-section-boxed elementor-section-height-default elementor-section-height-default\" data-id=\"8e1fc5d\" data-element_type=\"section\">\n\t\t\t\t\t\t<div class=\"elementor-container elementor-column-gap-default\">\n\t\t\t\t\t\t\t<div class=\"elementor-row\">\n\t\t\t\t\t<div class=\"elementor-column elementor-col-100 elementor-top-column elementor-element elementor-element-22d0d43\" data-id=\"22d0d43\" data-element_type=\"column\">\n\t\t\t<div class=\"elementor-column-wrap elementor-element-populated\">\n\t\t\t\t\t\t\t<div class=\"elementor-widget-wrap\">\n\t\t\t\t\t\t<div class=\"elementor-element elementor-element-75e50d8 elementor-widget elementor-widget-html\" data-id=\"75e50d8\" data-element_type=\"widget\" data-widget_type=\"html.default\">\n\t\t\t\t<div class=\"elementor-widget-container\">\n\t\t\t<a href=\"https:\/\/www.transports-mettelle.fr\/transports-logistique\/wp-content\/uploads\/2013\/05\/mettelle.gif\"><img loading=\"lazy\" class=\"aligncenter size-full wp-image-145\" alt=\"mettelle\" src=\"https:\/\/www.transports-mettelle.fr\/transports-logistique\/wp-content\/uploads\/2013\/05\/mettelle.gif\" width=\"400\" height=\"400\"><\/a>\t\t<\/div>\n\t\t\t\t<\/div>\n\t\t\t\t\t\t<\/div>\n\t\t\t\t\t<\/div>\n\t\t<\/div>\n\t\t\t\t\t\t\t\t<\/div>\n\t\t\t\t\t<\/div>\n\t\t<\/section>\n\t\t\t\t<section class=\"elementor-section elementor-top-section elementor-element elementor-element-7cfd060 elementor-section-boxed elementor-section-height-default elementor-section-height-default\" data-id=\"7cfd060\" data-element_type=\"section\">\n\t\t\t\t\t\t<div class=\"elementor-container elementor-column-gap-default\">\n\t\t\t\t\t\t\t<div class=\"elementor-row\">\n\t\t\t\t\t<div class=\"elementor-column elementor-col-100 elementor-top-column elementor-element elementor-element-ec91f82\" data-id=\"ec91f82\" data-element_type=\"column\">\n\t\t\t<div class=\"elementor-column-wrap elementor-element-populated\">\n\t\t\t\t\t\t\t<div class=\"elementor-widget-wrap\">\n\t\t\t\t\t\t<div class=\"elementor-element elementor-element-b5cfff8 elementor-widget elementor-widget-jet-headline\" data-id=\"b5cfff8\" data-element_type=\"widget\" data-widget_type=\"jet-headline.default\">\n\t\t\t\t<div class=\"elementor-widget-container\">\n\t\t\t<h3 class=\"jet-headline jet-headline--direction-horizontal\"><span class=\"jet-headline__part jet-headline__first\"><span class=\"jet-headline__label\">D\u00e9j\u00e0 nous accompagnons nos clients vers leurs partenaires europ\u00e9ens<\/span><\/span><span class=\"jet-headline__space\">&nbsp;<\/span><span class=\"jet-headline__part jet-headline__second\"><span class=\"jet-headline__label\">Allemagne, Italie<\/span><\/span><\/h3>\t\t<\/div>\n\t\t\t\t<\/div>\n\t\t\t\t\t\t<\/div>\n\t\t\t\t\t<\/div>\n\t\t<\/div>\n\t\t\t\t\t\t\t\t<\/div>\n\t\t\t\t\t<\/div>\n\t\t<\/section>\n\t\t\t\t\t\t<\/div>\n\t\t\t\t\t\t<\/div>\n\t\t\t\t\t<\/div>\n\t\t","protected":false},"excerpt":{"rendered":"<p>Transport A la limite des r\u00e9gions Normandie et Picardie, terre d\u2019industrie et berceau de 80% de la verrerie mondiale pour la parfumerie de luxe (La GLASS VALLEE), 25 ensembles routiers 44 T desservent r\u00e9guli\u00e8rement toute une grande zone autour de Paris, de Lille \u00e0 Orl\u00e9ans, de Rennes \u00e0 Strasbourg, et plus ponctuellement toute la France [&hellip;]<\/p>\n","protected":false},"author":1,"featured_media":0,"parent":0,"menu_order":0,"comment_status":"closed","ping_status":"closed","template":"page-templates\/fullwidth-content.php","meta":[],"_links":{"self":[{"href":"https:\/\/www.transports-mettelle.fr\/transports-logistique\/wp-json\/wp\/v2\/pages\/1221"}],"collection":[{"href":"https:\/\/www.transports-mettelle.fr\/transports-logistique\/wp-json\/wp\/v2\/pages"}],"about":[{"href":"https:\/\/www.transports-mettelle.fr\/transports-logistique\/wp-json\/wp\/v2\/types\/page"}],"author":[{"embeddable":true,"href":"https:\/\/www.transports-mettelle.fr\/transports-logistique\/wp-json\/wp\/v2\/users\/1"}],"replies":[{"embeddable":true,"href":"https:\/\/www.transports-mettelle.fr\/transports-logistique\/wp-json\/wp\/v2\/comments?post=1221"}],"version-history":[{"count":4,"href":"https:\/\/www.transports-mettelle.fr\/transports-logistique\/wp-json\/wp\/v2\/pages\/1221\/revisions"}],"predecessor-version":[{"id":1228,"href":"https:\/\/www.transports-mettelle.fr\/transports-logistique\/wp-json\/wp\/v2\/pages\/1221\/revisions\/1228"}],"wp:attachment":[{"href":"https:\/\/www.transports-mettelle.fr\/transports-logistique\/wp-json\/wp\/v2\/media?parent=1221"}],"curies":[{"name":"wp","href":"https:\/\/api.w.org\/{rel}","templated":true}]}}