{"id":1158,"date":"2018-07-02T14:10:30","date_gmt":"2018-07-02T13:10:30","guid":{"rendered":"http:\/\/ld-wp.template-help.com\/rockthemes\/21594\/?page_id=11"},"modified":"2019-06-04T15:35:48","modified_gmt":"2019-06-04T14:35:48","slug":"historique-et-ambitions","status":"publish","type":"page","link":"https:\/\/www.transports-mettelle.fr\/transports-logistique\/historique-et-ambitions\/","title":{"rendered":"Historique et ambitions"},"content":{"rendered":"\t\t<div data-elementor-type=\"wp-post\" data-elementor-id=\"1158\" class=\"elementor elementor-1158\" data-elementor-settings=\"[]\">\n\t\t\t\t\t\t<div class=\"elementor-inner\">\n\t\t\t\t\t\t\t<div class=\"elementor-section-wrap\">\n\t\t\t\t\t\t\t<section class=\"elementor-section elementor-top-section elementor-element elementor-element-cda5eea elementor-section-stretched elementor-section-boxed elementor-section-height-default elementor-section-height-default\" data-id=\"cda5eea\" data-element_type=\"section\" data-settings=\"{&quot;stretch_section&quot;:&quot;section-stretched&quot;}\">\n\t\t\t\t\t\t<div class=\"elementor-container elementor-column-gap-default\">\n\t\t\t\t\t\t\t<div class=\"elementor-row\">\n\t\t\t\t\t<div class=\"elementor-column elementor-col-50 elementor-top-column elementor-element elementor-element-5554d043\" data-id=\"5554d043\" data-element_type=\"column\" data-settings=\"{&quot;background_background&quot;:&quot;classic&quot;}\">\n\t\t\t<div class=\"elementor-column-wrap elementor-element-populated\">\n\t\t\t\t\t\t\t<div class=\"elementor-widget-wrap\">\n\t\t\t\t\t\t<div class=\"elementor-element elementor-element-799e3206 elementor-widget elementor-widget-heading\" data-id=\"799e3206\" data-element_type=\"widget\" data-widget_type=\"heading.default\">\n\t\t\t\t<div class=\"elementor-widget-container\">\n\t\t\t<h2 class=\"elementor-heading-title elementor-size-default\">Historique et<br>\nambitions<\/h2>\t\t<\/div>\n\t\t\t\t<\/div>\n\t\t\t\t<div class=\"elementor-element elementor-element-197829b6 elementor-widget-divider--view-line elementor-widget elementor-widget-divider\" data-id=\"197829b6\" data-element_type=\"widget\" data-widget_type=\"divider.default\">\n\t\t\t\t<div class=\"elementor-widget-container\">\n\t\t\t\t\t<div class=\"elementor-divider\">\n\t\t\t<span class=\"elementor-divider-separator\">\n\t\t\t\t\t\t<\/span>\n\t\t<\/div>\n\t\t\t\t<\/div>\n\t\t\t\t<\/div>\n\t\t\t\t\t\t<\/div>\n\t\t\t\t\t<\/div>\n\t\t<\/div>\n\t\t\t\t<div class=\"elementor-column elementor-col-50 elementor-top-column elementor-element elementor-element-b825d55\" data-id=\"b825d55\" data-element_type=\"column\" data-settings=\"{&quot;background_background&quot;:&quot;classic&quot;}\">\n\t\t\t<div class=\"elementor-column-wrap elementor-element-populated\">\n\t\t\t\t\t\t\t<div class=\"elementor-widget-wrap\">\n\t\t\t\t\t\t<div class=\"elementor-element elementor-element-23c1b782 elementor-widget elementor-widget-text-editor\" data-id=\"23c1b782\" data-element_type=\"widget\" data-widget_type=\"text-editor.default\">\n\t\t\t\t<div class=\"elementor-widget-container\">\n\t\t\t\t\t\t\t\t<div class=\"elementor-text-editor elementor-clearfix\">\n\t\t\t\t\t<p>Fond\u00e9 en 1947, la soci\u00e9t\u00e9 Transports\u00a0<strong>METTELLE <\/strong>est sp\u00e9cialis\u00e9e en groupage en direct de lots sur palettes au d\u00e9part de la Normandie Picardie, sur la moiti\u00e9 Nord de la France.<\/p>\t\t\t\t\t<\/div>\n\t\t\t\t\t\t<\/div>\n\t\t\t\t<\/div>\n\t\t\t\t\t\t<\/div>\n\t\t\t\t\t<\/div>\n\t\t<\/div>\n\t\t\t\t\t\t\t\t<\/div>\n\t\t\t\t\t<\/div>\n\t\t<\/section>\n\t\t\t\t<section class=\"elementor-section elementor-top-section elementor-element elementor-element-5f698f9 elementor-section-stretched elementor-section-boxed elementor-section-height-default elementor-section-height-default\" data-id=\"5f698f9\" data-element_type=\"section\" data-settings=\"{&quot;stretch_section&quot;:&quot;section-stretched&quot;}\">\n\t\t\t\t\t\t<div class=\"elementor-container elementor-column-gap-default\">\n\t\t\t\t\t\t\t<div class=\"elementor-row\">\n\t\t\t\t\t<div class=\"elementor-column elementor-col-50 elementor-top-column elementor-element elementor-element-299f28e\" data-id=\"299f28e\" data-element_type=\"column\">\n\t\t\t<div class=\"elementor-column-wrap elementor-element-populated\">\n\t\t\t\t\t\t\t<div class=\"elementor-widget-wrap\">\n\t\t\t\t\t\t<div class=\"elementor-element elementor-element-90afa24 elementor-widget elementor-widget-image\" data-id=\"90afa24\" data-element_type=\"widget\" data-widget_type=\"image.default\">\n\t\t\t\t<div class=\"elementor-widget-container\">\n\t\t\t\t\t\t\t\t<div class=\"elementor-image\">\n\t\t\t\t\t\t\t\t\t\t\t\t<img width=\"1000\" height=\"667\" src=\"https:\/\/www.transports-mettelle.fr\/transports-logistique\/wp-content\/uploads\/2019\/06\/metier-9.jpg\" class=\"attachment-large size-large\" alt=\"\" loading=\"lazy\" srcset=\"https:\/\/www.transports-mettelle.fr\/transports-logistique\/wp-content\/uploads\/2019\/06\/metier-9.jpg 1000w, https:\/\/www.transports-mettelle.fr\/transports-logistique\/wp-content\/uploads\/2019\/06\/metier-9-300x200.jpg 300w, https:\/\/www.transports-mettelle.fr\/transports-logistique\/wp-content\/uploads\/2019\/06\/metier-9-768x512.jpg 768w, https:\/\/www.transports-mettelle.fr\/transports-logistique\/wp-content\/uploads\/2019\/06\/metier-9-600x400.jpg 600w\" sizes=\"(max-width: 1000px) 100vw, 1000px\" \/>\t\t\t\t\t\t\t\t\t\t\t\t\t\t<\/div>\n\t\t\t\t\t\t<\/div>\n\t\t\t\t<\/div>\n\t\t\t\t\t\t<\/div>\n\t\t\t\t\t<\/div>\n\t\t<\/div>\n\t\t\t\t<div class=\"elementor-column elementor-col-50 elementor-top-column elementor-element elementor-element-b95a33a\" data-id=\"b95a33a\" data-element_type=\"column\">\n\t\t\t<div class=\"elementor-column-wrap elementor-element-populated\">\n\t\t\t\t\t\t\t<div class=\"elementor-widget-wrap\">\n\t\t\t\t\t\t<div class=\"elementor-element elementor-element-6947c98 elementor-widget elementor-widget-text-editor\" data-id=\"6947c98\" data-element_type=\"widget\" data-widget_type=\"text-editor.default\">\n\t\t\t\t<div class=\"elementor-widget-container\">\n\t\t\t\t\t\t\t\t<div class=\"elementor-text-editor elementor-clearfix\">\n\t\t\t\t\t<p><strong>Notre engagement quotidien<\/strong>\u00a0:<\/p><p>Prendre en charge votre marchandise par nos propres moyens, sans recours \u00e0 l\u2019affr\u00e8tement, pour vous assurer le meilleur service, pour tenir vos engagements en terme de Qualit\u00e9.<\/p><p>Nous avons d\u00e9velopp\u00e9 depuis 10 ans une activit\u00e9 de logistique r\u00e9gionale.<\/p><p>Notre volont\u00e9 est de travailler en Assurance Qualit\u00e9, pour assurer l\u2019int\u00e9gralit\u00e9 et la disponibilit\u00e9 de vos mati\u00e8res premi\u00e8res comme de vos produits fini.<\/p>\t\t\t\t\t<\/div>\n\t\t\t\t\t\t<\/div>\n\t\t\t\t<\/div>\n\t\t\t\t\t\t<\/div>\n\t\t\t\t\t<\/div>\n\t\t<\/div>\n\t\t\t\t\t\t\t\t<\/div>\n\t\t\t\t\t<\/div>\n\t\t<\/section>\n\t\t\t\t<section class=\"elementor-section elementor-top-section elementor-element elementor-element-b07a3f9 elementor-section-stretched elementor-section-boxed elementor-section-height-default elementor-section-height-default\" data-id=\"b07a3f9\" data-element_type=\"section\" data-settings=\"{&quot;stretch_section&quot;:&quot;section-stretched&quot;}\">\n\t\t\t\t\t\t<div class=\"elementor-container elementor-column-gap-default\">\n\t\t\t\t\t\t\t<div class=\"elementor-row\">\n\t\t\t\t\t<div class=\"elementor-column elementor-col-100 elementor-top-column elementor-element elementor-element-56e43c1\" data-id=\"56e43c1\" data-element_type=\"column\">\n\t\t\t<div class=\"elementor-column-wrap elementor-element-populated\">\n\t\t\t\t\t\t\t<div class=\"elementor-widget-wrap\">\n\t\t\t\t\t\t<div class=\"elementor-element elementor-element-6895cc2 elementor-widget elementor-widget-image\" data-id=\"6895cc2\" data-element_type=\"widget\" data-widget_type=\"image.default\">\n\t\t\t\t<div class=\"elementor-widget-container\">\n\t\t\t\t\t\t\t\t<div class=\"elementor-image\">\n\t\t\t\t\t\t\t\t\t\t\t\t<img width=\"892\" height=\"515\" src=\"https:\/\/www.transports-mettelle.fr\/transports-logistique\/wp-content\/uploads\/2013\/05\/mettelle-1.jpg\" class=\"attachment-large size-large\" alt=\"\" loading=\"lazy\" srcset=\"https:\/\/www.transports-mettelle.fr\/transports-logistique\/wp-content\/uploads\/2013\/05\/mettelle-1.jpg 892w, https:\/\/www.transports-mettelle.fr\/transports-logistique\/wp-content\/uploads\/2013\/05\/mettelle-1-300x173.jpg 300w, https:\/\/www.transports-mettelle.fr\/transports-logistique\/wp-content\/uploads\/2013\/05\/mettelle-1-768x443.jpg 768w, https:\/\/www.transports-mettelle.fr\/transports-logistique\/wp-content\/uploads\/2013\/05\/mettelle-1-600x346.jpg 600w\" sizes=\"(max-width: 892px) 100vw, 892px\" \/>\t\t\t\t\t\t\t\t\t\t\t\t\t\t<\/div>\n\t\t\t\t\t\t<\/div>\n\t\t\t\t<\/div>\n\t\t\t\t\t\t<\/div>\n\t\t\t\t\t<\/div>\n\t\t<\/div>\n\t\t\t\t\t\t\t\t<\/div>\n\t\t\t\t\t<\/div>\n\t\t<\/section>\n\t\t\t\t\t\t<\/div>\n\t\t\t\t\t\t<\/div>\n\t\t\t\t\t<\/div>\n\t\t","protected":false},"excerpt":{"rendered":"<p>Historique et ambitions Fond\u00e9 en 1947, la soci\u00e9t\u00e9 Transports\u00a0METTELLE est sp\u00e9cialis\u00e9e en groupage en direct de lots sur palettes au d\u00e9part de la Normandie Picardie, sur la moiti\u00e9 Nord de la France. Notre engagement quotidien\u00a0: Prendre en charge votre marchandise par nos propres moyens, sans recours \u00e0 l\u2019affr\u00e8tement, pour vous assurer le meilleur service, pour [&hellip;]<\/p>\n","protected":false},"author":1,"featured_media":0,"parent":0,"menu_order":0,"comment_status":"closed","ping_status":"closed","template":"page-templates\/fullwidth-content.php","meta":[],"_links":{"self":[{"href":"https:\/\/www.transports-mettelle.fr\/transports-logistique\/wp-json\/wp\/v2\/pages\/1158"}],"collection":[{"href":"https:\/\/www.transports-mettelle.fr\/transports-logistique\/wp-json\/wp\/v2\/pages"}],"about":[{"href":"https:\/\/www.transports-mettelle.fr\/transports-logistique\/wp-json\/wp\/v2\/types\/page"}],"author":[{"embeddable":true,"href":"https:\/\/www.transports-mettelle.fr\/transports-logistique\/wp-json\/wp\/v2\/users\/1"}],"replies":[{"embeddable":true,"href":"https:\/\/www.transports-mettelle.fr\/transports-logistique\/wp-json\/wp\/v2\/comments?post=1158"}],"version-history":[{"count":5,"href":"https:\/\/www.transports-mettelle.fr\/transports-logistique\/wp-json\/wp\/v2\/pages\/1158\/revisions"}],"predecessor-version":[{"id":1224,"href":"https:\/\/www.transports-mettelle.fr\/transports-logistique\/wp-json\/wp\/v2\/pages\/1158\/revisions\/1224"}],"wp:attachment":[{"href":"https:\/\/www.transports-mettelle.fr\/transports-logistique\/wp-json\/wp\/v2\/media?parent=1158"}],"curies":[{"name":"wp","href":"https:\/\/api.w.org\/{rel}","templated":true}]}}